{"id":886,"date":"2014-12-27T16:06:54","date_gmt":"2014-12-27T16:06:54","guid":{"rendered":"https:\/\/bmebarismarin.com\/?page_id=886"},"modified":"2020-06-27T11:25:45","modified_gmt":"2020-06-27T11:25:45","slug":"iletisim","status":"publish","type":"page","link":"https:\/\/bmebarismarin.com\/?page_id=886","title":{"rendered":"\u0130leti\u015fim"},"content":{"rendered":"<p><center><iframe loading=\"lazy\" style=\"border: 0;\" src=\"https:\/\/www.google.com\/maps\/embed?pb=!1m18!1m12!1m3!1d3185.7231402615266!2d27.44999191480262!3d37.01640077990459!2m3!1f0!2f0!3f0!3m2!1i1024!2i768!4f13.1!3m3!1m2!1s0x14be6c7edb117009%3A0x712ea7c1cac15fc3!2zWWFsxLEgTWFoYWxsZXNpLCDEsMOnbWVsZXIgQ2QuIE5vOjYsIDQ4NDAxIEJvZHJ1bS9NdcSfbGE!5e0!3m2!1str!2str!4v1490381719526\" width=\"600\" height=\"450\" frameborder=\"0\" allowfullscreen=\"allowfullscreen\"><\/iframe><\/center><\/p>\n<p style=\"text-align: center;\">Kumbah\u00e7e mah. \u0130\u00e7meler cad. No 6 Bodrum \/ Mu\u011fla<\/p>\n<p style=\"text-align: center;\"><strong>www.bmebarismarin.com<\/strong><\/p>\n<p style=\"text-align: center;\"><strong>www.barismarinbme.com<\/strong><\/p>\n<p style=\"text-align: center;\">BME Bar\u0131\u015f Marin.Telefon: <strong>0 (252) 316-77-29<\/strong><\/p>\n<p style=\"text-align: center;\">Fax: <strong>0 (252) 316-77-29<\/strong><\/p>\n<p style=\"text-align: center;\">Cep: <strong>0 (533) 331-33-32<\/strong><\/p>\n<p style=\"text-align: center;\">Mail Adreslerimiz: <strong>info@barismarinbme.com <\/strong><\/p>\n<p style=\"text-align: center;\"><strong>info@bmebarismarin.com <\/strong><\/p>\n<p style=\"text-align: center;\"><strong>boya@bmebarismarin.com<\/strong><\/p>\n<p style=\"text-align: center;\"><strong>harfiyat@bmebarismarin.com<\/strong><\/p>\n<p style=\"text-align: center;\"><strong>balik@bmebarismarin.com<\/strong><\/p>\n<p style=\"text-align: center;\"><strong>bmebarismarin@gmail.com<\/strong><\/p>\n<p style=\"text-align: center;\"><strong>deepblue@bmebarismarin.com<\/strong><\/p>\n","protected":false},"excerpt":{"rendered":"<p>Kumbah\u00e7e mah. \u0130\u00e7meler cad. No 6 Bodrum \/ Mu\u011fla www.bmebarismarin.com www.barismarinbme.com BME Bar\u0131\u015f Marin.Telefon: 0 (252) 316-77-29 Fax: 0 (252) 316-77-29 Cep: 0 (533) 331-33-32 Mail Adreslerimiz: info@barismarinbme.com info@bmebarismarin.com boya@bmebarismarin.com harfiyat@bmebarismarin.com balik@bmebarismarin.com bmebarismarin@gmail.com deepblue@bmebarismarin.com<\/p>\n","protected":false},"author":3,"featured_media":0,"parent":0,"menu_order":0,"comment_status":"closed","ping_status":"closed","template":"","meta":{"footnotes":""},"class_list":["post-886","page","type-page","status-publish","hentry"],"_links":{"self":[{"href":"https:\/\/bmebarismarin.com\/index.php?rest_route=\/wp\/v2\/pages\/886","targetHints":{"allow":["GET"]}}],"collection":[{"href":"https:\/\/bmebarismarin.com\/index.php?rest_route=\/wp\/v2\/pages"}],"about":[{"href":"https:\/\/bmebarismarin.com\/index.php?rest_route=\/wp\/v2\/types\/page"}],"author":[{"embeddable":true,"href":"https:\/\/bmebarismarin.com\/index.php?rest_route=\/wp\/v2\/users\/3"}],"replies":[{"embeddable":true,"href":"https:\/\/bmebarismarin.com\/index.php?rest_route=%2Fwp%2Fv2%2Fcomments&post=886"}],"version-history":[{"count":0,"href":"https:\/\/bmebarismarin.com\/index.php?rest_route=\/wp\/v2\/pages\/886\/revisions"}],"wp:attachment":[{"href":"https:\/\/bmebarismarin.com\/index.php?rest_route=%2Fwp%2Fv2%2Fmedia&parent=886"}],"curies":[{"name":"wp","href":"https:\/\/api.w.org\/{rel}","templated":true}]}}